{"id":224,"date":"2017-03-10T17:48:00","date_gmt":"2017-03-10T16:48:00","guid":{"rendered":"http:\/\/jfk-optik.de\/?page_id=224"},"modified":"2020-04-09T13:16:15","modified_gmt":"2020-04-09T11:16:15","slug":"datenschutz","status":"publish","type":"page","link":"https:\/\/jfk-optik.de\/?page_id=224","title":{"rendered":"Datenschutz"},"content":{"rendered":"<div id=\"pl-224\"  class=\"panel-layout\" ><div id=\"pg-224-0\"  class=\"panel-grid panel-no-style\" ><div id=\"pgc-224-0-0\"  class=\"panel-grid-cell panel-grid-cell-empty\" ><\/div><div id=\"pgc-224-0-1\"  class=\"panel-grid-cell panel-grid-cell-mobile-last\" ><div id=\"panel-224-0-1-0\" class=\"so-panel widget widget_sow-editor panel-first-child panel-last-child\" data-index=\"0\" ><div\n\t\t\t\n\t\t\tclass=\"so-widget-sow-editor so-widget-sow-editor-base\"\n\t\t\t\n\t\t>\n<div class=\"siteorigin-widget-tinymce textwidget\">\n\t<h2 style=\"text-align: center;\"><span style=\"color: #808080;\">Datenschutzerkl\u00e4rung<\/span><\/h2>\n<h3 style=\"text-align: center;\"><span style=\"color: #808080;\">von<\/span><\/h3>\n<h3 style=\"text-align: center;\"><span style=\"color: #808080;\">JFK-Optik<\/span><\/h3>\n<h3 style=\"text-align: center;\"><span style=\"color: #808080;\">Frau Jeanette Kerstan-Schulze<\/span><\/h3>\n<h3 style=\"text-align: center;\"><span style=\"color: #808080;\">Alter Markt 16<\/span><\/h3>\n<h3 style=\"text-align: center;\"><span style=\"color: #808080;\">33428 Harsewinkel<\/span><\/h3>\n<h3 style=\"text-align: center;\"><span style=\"color: #808080;\">f\u00fcr den Internetauftritt<\/span><\/h3>\n<h3 style=\"text-align: center;\"><span style=\"color: #808080;\">www.jfk-optik.de<\/span><\/h3>\n<\/div>\n<\/div><\/div><\/div><div id=\"pgc-224-0-2\"  class=\"panel-grid-cell panel-grid-cell-empty\" ><\/div><\/div><div id=\"pg-224-1\"  class=\"panel-grid panel-no-style\" ><div id=\"pgc-224-1-0\"  class=\"panel-grid-cell panel-grid-cell-empty\" ><\/div><div id=\"pgc-224-1-1\"  class=\"panel-grid-cell panel-grid-cell-mobile-last\" ><div id=\"panel-224-1-1-0\" class=\"so-panel widget widget_sow-editor panel-first-child panel-last-child\" data-index=\"1\" ><div\n\t\t\t\n\t\t\tclass=\"so-widget-sow-editor so-widget-sow-editor-base\"\n\t\t\t\n\t\t>\n<div class=\"siteorigin-widget-tinymce textwidget\">\n\t<h3 style=\"text-align: center;\">Cookies<\/h3>\n<h4 style=\"text-align: center;\"><span style=\"color: #808080;\">Unsere Website nutzt Cookies. \u00dcber folgenden Button k\u00f6nnen Sie die Einstellungen erneut bearbeiten.<\/span><\/h4>\n<p style=\"text-align: center;\"><span class=\"\" style=\"display:block;clear:both;height: 0px;padding-top: 20px;border-top-width:0px;border-bottom-width:0px;\"><\/span><\/p>\n<p class=\" line-numbers language-shortcode\" style=\"text-align: center;\"><code class=\" language-shortcode\"><a href=\"#\" class=\"_brlbs-btn-cookie-preference borlabs-cookie-preference\">Cookie Einstellungen<\/a><\/code><\/p>\n<p style=\"text-align: center;\"><span class=\"\" style=\"display:block;clear:both;height: 0px;padding-top: 20px;border-top-width:0px;border-bottom-width:0px;\"><\/span><\/p>\n<h4 class=\" line-numbers language-shortcode\" style=\"text-align: center;\"><span style=\"color: #808080;\">Jedem Nutzer wird eine eigene ID Zugewiesen. \u00dcber diese ID k\u00f6nnen Sie bei uns die Historie der gespeicherten Daten erfragen. Unter Umst\u00e4nden bekommen Sie bei einem erneuten Besuch der Website eine neue ID zugewiesen (z.B. wenn Sie Ihre Browserdaten vollst\u00e4ndig l\u00f6schen).<\/span><\/h4>\n<p style=\"text-align: center;\"><span class=\"\" style=\"display:block;clear:both;height: 0px;padding-top: 10px;border-top-width:0px;border-bottom-width:0px;\"><\/span><\/p>\n<h4 class=\" line-numbers language-shortcode\" style=\"text-align: center;\"><span style=\"color: #808080;\">Ihre aktuelle ID und History wird Ihnen unten angezeigt. M\u00f6chten Sie die Historie der vergangenen Besuche erfragen, so notieren Sie sich bitte stets Ihre ID. Die ID ist eine rein zuf\u00e4llig generierte Nummer. Sie enth\u00e4lt keine personenbezogenen Daten und dient lediglich der Erstellung der Historie.<\/span><\/h4>\n<p style=\"text-align: center;\"><span class=\"\" style=\"display:block;clear:both;height: 0px;padding-top: 10px;border-top-width:0px;border-bottom-width:0px;\"><\/span><\/p>\n<h4 class=\" line-numbers language-shortcode\" style=\"text-align: center;\"><span style=\"color: #808080;\">Ihr aktuelle ID:<\/span><\/h4>\n<p style=\"text-align: center;\"><span class=\"\" style=\"display:block;clear:both;height: 0px;padding-top: 20px;border-top-width:0px;border-bottom-width:0px;\"><\/span><\/p>\n<p class=\" line-numbers language-shortcode\" style=\"text-align: center;\"><code class=\" language-shortcode\"><span data-borlabs-cookie-uid><\/span><\/code><\/p>\n<p class=\" line-numbers language-shortcode\" style=\"text-align: center;\"><span class=\"\" style=\"display:block;clear:both;height: 0px;padding-top: 20px;border-top-width:0px;border-bottom-width:0px;\"><\/span><\/p>\n<h4 style=\"text-align: center;\"><\/h4>\n<h4 class=\" line-numbers language-shortcode\" style=\"text-align: center;\"><span style=\"color: #808080;\">Ihre aktuelle Historie:<\/span><\/h4>\n<p style=\"text-align: center;\"><span class=\"\" style=\"display:block;clear:both;height: 0px;padding-top: 10px;border-top-width:0px;border-bottom-width:0px;\"><\/span><\/p>\n<p class=\" line-numbers language-shortcode\" style=\"text-align: center;\"><code class=\" language-shortcode\"><div class=\"BorlabsCookie\" data-borlabs-cookie-consent-history><div class=\"_brlbs-responsive-table\"><table class=\"_brlbs-table\"><thead><tr><th class=\"_brlbs-table-date\">Datum<\/th><th class=\"_brlbs-table-version\">Version<\/th><th class=\"_brlbs-table-consents\">Einwilligungen<\/th><\/tr><\/thead><\/table><\/div><\/div><\/code><\/p>\n<p class=\" line-numbers language-shortcode\" style=\"text-align: center;\"><span class=\"\" style=\"display:block;clear:both;height: 0px;padding-top: 20px;border-top-width:0px;border-bottom-width:0px;\"><\/span><\/p>\n<h4 class=\" line-numbers language-shortcode\" style=\"text-align: center;\"><span style=\"color: #808080;\">Folgende Cookies werden auf unserer Website gesetzt:<\/span><\/h4>\n<p style=\"text-align: center;\"><span class=\"\" style=\"display:block;clear:both;height: 0px;padding-top: 10px;border-top-width:0px;border-bottom-width:0px;\"><\/span><\/p>\n<h4 class=\" line-numbers language-shortcode\" style=\"text-align: center;\"><span style=\"color: #808080;\">Diese Liste ist absolut identisch zu der in dem Cookie-Hinweis.<\/span><\/h4>\n<p class=\" line-numbers language-shortcode\" style=\"text-align: center;\"><code class=\" language-shortcode\"><div class=\"BorlabsCookie\"><h3 class=\"_brlbs _brlbs-cg-essential\">Notwendig<\/h3><p class=\"_brlbs _brlbs-cg-essential\">Notwendige Cookies erm\u00f6glichen grundlegende Funktionen und sind f\u00fcr die einwandfreie Funktion der Website erforderlich.<\/p><h4 class=\"_brlbs _brlbs-c-borlabs-cookie\">Borlabs Cookie<\/h4><div class=\"_brlbs-responsive-table\"><table class=\"_brlbs _brlbs-c-borlabs-cookie\"><tr><th>Name<\/th><td>Borlabs Cookie<\/td><\/tr><tr><th>Anbieter<\/th><td>Eigent\u00fcmer dieser Website<\/td><\/tr><tr><th>Zweck<\/th><td>Speichert die Einstellungen der Besucher, die in der Cookie Box von Borlabs Cookie ausgew\u00e4hlt wurden.<\/td><\/tr><tr><th>Cookie Name<\/th><td>borlabs-cookie<\/td><\/tr><tr><th>Cookie Laufzeit<\/th><td>1 Jahr<\/td><\/tr><\/table><\/div><h4 class=\"_brlbs _brlbs-c-wordpress_test_cookie\">wordpress_test_cookie<\/h4><div class=\"_brlbs-responsive-table\"><table class=\"_brlbs _brlbs-c-wordpress_test_cookie\"><tr><th>Name<\/th><td>wordpress_test_cookie<\/td><\/tr><tr><th>Anbieter<\/th><td>Eigent\u00fcmer dieser Website<\/td><\/tr><tr><th>Zweck<\/th><td>Dieser Cookie pr\u00fcft ob im Browser Cookies aktiviert oder deaktiviert sind.<\/td><\/tr><tr><th>Cookie Name<\/th><td>wordpress_test_cookie<\/td><\/tr><tr><th>Cookie Laufzeit<\/th><td>Dauer der Sitzung<\/td><\/tr><\/table><\/div><h3 class=\"_brlbs _brlbs-cg-statistics\">Statistiken<\/h3><p class=\"_brlbs _brlbs-cg-statistics\">Statistik Cookies erfassen Informationen anonym. Diese Informationen helfen uns zu verstehen, wie unsere Besucher unsere Website nutzen.<\/p><h3 class=\"_brlbs _brlbs-cg-marketing\">Marketing<\/h3><p class=\"_brlbs _brlbs-cg-marketing\">Marketing-Cookies werden von Drittanbietern oder Publishern verwendet, um personalisierte Werbung anzuzeigen. Sie tun dies, indem sie Besucher \u00fcber Websites hinweg verfolgen.<\/p><h3 class=\"_brlbs _brlbs-cg-external-media\">Externe Medien \/ nicht-notwendig<\/h3><p class=\"_brlbs _brlbs-cg-external-media\">Inhalte von Videoplattformen und Social-Media-Plattformen werden standardm\u00e4\u00dfig blockiert. Wenn Cookies von externen Medien akzeptiert werden, bedarf der Zugriff auf diese Inhalte keiner manuellen Einwilligung mehr.<\/p><h4 class=\"_brlbs _brlbs-c-googlemaps\">Google Maps<\/h4><div class=\"_brlbs-responsive-table\"><table class=\"_brlbs _brlbs-c-googlemaps\"><tr><th>Name<\/th><td>Google Maps<\/td><\/tr><tr><th>Anbieter<\/th><td>Google<\/td><\/tr><tr><th>Zweck<\/th><td>Wird zum Entsperren von Google Maps-Inhalten verwendet.<\/td><\/tr><tr><th>Datenschutzerkl\u00e4rung<\/th><td><a href=\"https:\/\/policies.google.com\/privacy\" target=\"_blank\" rel=\"nofollow noopener noreferrer\">https:\/\/policies.google.com\/privacy<\/a><\/td><\/tr><tr><th>Host(s)<\/th><td>.google.com<\/td><\/tr><tr><th>Cookie Name<\/th><td>NID<\/td><\/tr><tr><th>Cookie Laufzeit<\/th><td>6 Monate<\/td><\/tr><\/table><\/div><h4 class=\"_brlbs _brlbs-c-youtube\">YouTube<\/h4><div class=\"_brlbs-responsive-table\"><table class=\"_brlbs _brlbs-c-youtube\"><tr><th>Name<\/th><td>YouTube<\/td><\/tr><tr><th>Anbieter<\/th><td>YouTube<\/td><\/tr><tr><th>Zweck<\/th><td>Wird verwendet, um YouTube-Inhalte zu entsperren.<\/td><\/tr><tr><th>Datenschutzerkl\u00e4rung<\/th><td><a href=\"https:\/\/policies.google.com\/privacy\" target=\"_blank\" rel=\"nofollow noopener noreferrer\">https:\/\/policies.google.com\/privacy<\/a><\/td><\/tr><tr><th>Host(s)<\/th><td>google.com<\/td><\/tr><tr><th>Cookie Name<\/th><td>NID<\/td><\/tr><tr><th>Cookie Laufzeit<\/th><td>6 Monate<\/td><\/tr><\/table><\/div><\/div><\/code><\/p>\n<\/div>\n<\/div><\/div><\/div><div id=\"pgc-224-1-2\"  class=\"panel-grid-cell panel-grid-cell-empty\" ><\/div><\/div><div id=\"pg-224-2\"  class=\"panel-grid panel-no-style\" ><div id=\"pgc-224-2-0\"  class=\"panel-grid-cell panel-grid-cell-empty\" ><\/div><div id=\"pgc-224-2-1\"  class=\"panel-grid-cell panel-grid-cell-mobile-last\" ><div id=\"panel-224-2-1-0\" class=\"so-panel widget widget_sow-editor panel-first-child panel-last-child\" data-index=\"2\" ><div\n\t\t\t\n\t\t\tclass=\"so-widget-sow-editor so-widget-sow-editor-base\"\n\t\t\t\n\t\t>\n<div class=\"siteorigin-widget-tinymce textwidget\">\n\t<h4 style=\"text-align: center;\"><\/h4>\n<h4><span class=\"\" style=\"display:block;clear:both;height: 0px;padding-top: 20px;border-top-width:0px;border-bottom-width:0px;\"><\/span><\/h4>\n<h2 style=\"text-align: center;\"><strong><span style=\"color: #808080;\">Erhebung personenbezogener Daten durch uns als Seitenbetreiber<\/span><\/strong><\/h2>\n<h4 style=\"text-align: center;\"><span style=\"color: #808080;\">Der Schutz personenbezogener Daten ist uns von Berufswegen und als Betreiber dieses Internetauftritts ein ernstes Anliegen. Wir behandeln Ihre personenbezogenen Daten vertraulich und entsprechend der gesetzlichen Datenschutzvorschriften sowie dieser Datenschutzerkl\u00e4rung.<\/span><\/h4>\n<h4 style=\"text-align: center;\"><span style=\"color: #808080;\">Die Nutzung unserer Webseite ist in der Regel ohne Angabe personenbezogener Daten m\u00f6glich. Soweit auf unseren Seiten personenbezogene Daten (beispielsweise Name, Anschrift oder E-Mail-Adressen) erhoben werden, erfolgt dies, soweit m\u00f6glich, stets auf freiwilliger Basis. Diese Daten werden ohne Ihre ausdr\u00fcckliche Zustimmung nicht an Dritte weitergegeben.<\/span><\/h4>\n<h4 style=\"text-align: center;\"><span style=\"color: #808080;\">Wir weisen darauf hin, dass die Daten\u00fcbertragung im Internet (z.B. bei der Kommunikation per E-Mail) Sicherheitsl\u00fccken aufweisen kann. Ein l\u00fcckenloser Schutz der Daten vor dem Zugriff durch Dritte ist nicht m\u00f6glich.<\/span><\/h4>\n<h4 style=\"text-align: center;\"><span style=\"color: #808080;\">Zu dem Schutz der auf unseren Internetauftritt erhobenen Personenbezogenen Daten haben wir Schutzma\u00dfnahmen ergriffen:<\/span><\/h4>\n<h4><span class=\"\" style=\"display:block;clear:both;height: 0px;padding-top: 10px;border-top-width:0px;border-bottom-width:0px;\"><\/span><\/h4>\n<h3 style=\"text-align: center;\"><span style=\"color: #808080;\">SSL- oder TSL-Verschl\u00fcsselung<\/span><\/h3>\n<h4 style=\"text-align: center;\"><span style=\"color: #808080;\">Diese Seite nutzt aus Gr\u00fcnden der Sicherheit und zum Schutz der \u00dcbertragung vertraulicher Inhalte, wie zum Beispiel der Anfragen, die Sie an uns als Seitenbetreiber senden, eine SSL- oder TSL-Verschl\u00fcsselung. Eine verschl\u00fcsselte Verbindung erkennen Sie daran, dass die Adresszeile des Browsers von \"http:\/\/\" auf \"https:\/\/\" wechselt und an dem Schloss-Symbol in Ihrer Browserzeile.<\/span><\/h4>\n<h4 style=\"text-align: center;\"><span style=\"color: #808080;\">Wenn die SSL- oder TSL-Verschl\u00fcsselung aktiviert ist, k\u00f6nnen die Daten, die Sie an uns \u00fcbermitteln, nicht einfach von Dritten mitgelesen werden.<\/span><\/h4>\n<h4 style=\"text-align: center;\"><span style=\"color: #808080;\">Zudem erheben wir als Seitenbetreiber folgende weitere Informationen:<\/span><\/h4>\n<h4><span class=\"\" style=\"display:block;clear:both;height: 0px;padding-top: 10px;border-top-width:0px;border-bottom-width:0px;\"><\/span><\/h4>\n<h3 style=\"text-align: center;\"><span style=\"color: #808080;\">Cookies<\/span><\/h3>\n<h4 style=\"text-align: center;\"><span style=\"color: #808080;\">Die Internetseiten verwenden teilweise so genannte Cookies. Cookies richten auf Ihrem Rechner keinen Schaden an und enthalten keine Viren. Cookies dienen dazu, unser Angebot nutzerfreundlicher, effektiver und sicherer zu machen. Cookies sind kleine Textdateien, die auf Ihrem Rechner abgelegt werden und die Ihr Browser speichert.<\/span><\/h4>\n<h4 style=\"text-align: center;\"><span style=\"color: #808080;\">Die meisten der von uns verwendeten Cookies sind so genannte \u201eSession-Cookies\u201c. Sie werden nach Ende Ihres Besuchs automatisch gel\u00f6scht. Andere Cookies bleiben auf Ihrem Endger\u00e4t gespeichert, bis Sie diese l\u00f6schen. Diese Cookies erm\u00f6glichen es uns, Ihren Browser beim n\u00e4chsten Besuch wiederzuerkennen.<\/span><\/h4>\n<h4 style=\"text-align: center;\"><span style=\"color: #808080;\">Sie k\u00f6nnen Ihren Browser so einstellen, dass Sie \u00fcber das Setzen von Cookies informiert werden und Cookies nur im Einzelfall erlauben, die Annahme von Cookies f\u00fcr bestimmte F\u00e4lle oder generell ausschlie\u00dfen sowie das automatische L\u00f6schen der Cookies beim Schlie\u00dfen des Browser aktivieren. Bei der Deaktivierung von Cookies kann die Funktionalit\u00e4t dieser Website eingeschr\u00e4nkt sein.<\/span><\/h4>\n<h4 style=\"text-align: center;\"><span style=\"color: #808080;\">Eine genaue Auflistung aller von uns verwendeten Cookies finden Sie oben unter \"Cookies\".<\/span><\/h4>\n<h4><span class=\"\" style=\"display:block;clear:both;height: 0px;padding-top: 10px;border-top-width:0px;border-bottom-width:0px;\"><\/span><\/h4>\n<h3 style=\"text-align: center;\"><span style=\"color: #808080;\">Browser Plugin<\/span><\/h3>\n<h4 style=\"text-align: center;\"><span style=\"color: #808080;\">Sie k\u00f6nnen die Speicherung der Cookies durch eine entsprechende Einstellung Ihrer Browser-Software verhindern; wir weisen Sie jedoch darauf hin, dass Sie in diesem Fall gegebenenfalls nicht s\u00e4mtliche Funktionen dieser Website vollumf\u00e4nglich werden nutzen k\u00f6nnen.<\/span><\/h4>\n<h4><span class=\"\" style=\"display:block;clear:both;height: 0px;padding-top: 10px;border-top-width:0px;border-bottom-width:0px;\"><\/span><\/h4>\n<h3 style=\"text-align: center;\"><span style=\"color: #808080;\">Server-Log-Files<\/span><\/h3>\n<h4 style=\"text-align: center;\"><span style=\"color: #808080;\">Der Provider der Seiten erhebt und speichert automatisch Informationen in so genannten Server-Log-Files, die Ihr Browser automatisch an uns \u00fcbermittelt. Dies sind:<\/span><\/h4>\n<h4 style=\"text-align: center;\"><span style=\"color: #808080;\">Browsertyp und Browserversion<\/span><\/h4>\n<h4 style=\"text-align: center;\"><span style=\"color: #808080;\">verwendetes Betriebssystem<\/span><\/h4>\n<h4 style=\"text-align: center;\"><span style=\"color: #808080;\">Referrer URL<\/span><\/h4>\n<h4 style=\"text-align: center;\"><span style=\"color: #808080;\">Hostname des zugreifenden Rechners<\/span><\/h4>\n<h4 style=\"text-align: center;\"><span style=\"color: #808080;\">Uhrzeit der Serveranfrage<\/span><\/h4>\n<h4 style=\"text-align: center;\"><span style=\"color: #808080;\">Diese Daten sind nicht bestimmten Personen zuordenbar. Eine Zusammenf\u00fchrung dieser Daten mit anderen Datenquellen wird nicht vorgenommen. Wir behalten uns vor, diese Daten nachtr\u00e4glich zu pr\u00fcfen, wenn uns konkrete Anhaltspunkte f\u00fcr eine rechtswidrige Nutzung bekannt werden.<\/span><\/h4>\n<h4><span class=\"\" style=\"display:block;clear:both;height: 0px;padding-top: 20px;border-top-width:0px;border-bottom-width:0px;\"><\/span><\/h4>\n<h3 style=\"text-align: center;\"><strong><span style=\"color: #808080;\">Erhebung personenbezogener Daten durch Dritte<\/span><\/strong><\/h3>\n<h4 style=\"text-align: center;\"><span style=\"color: #808080;\">In unserem Internetauftritt sind Funktionen folgender Dienste von Drittanbietern eingebunden, die wir hiermit benennen:<\/span><\/h4>\n<h4><span class=\"\" style=\"display:block;clear:both;height: 0px;padding-top: 10px;border-top-width:0px;border-bottom-width:0px;\"><\/span><\/h4>\n<h3 style=\"text-align: center;\"><span style=\"color: #808080;\">Google Maps<\/span><\/h3>\n<h4 style=\"text-align: center;\"><span style=\"color: #808080;\">Diese Seite nutzt \u00fcber eine API den Kartendienst Google Maps. Anbieter ist die Google Inc., 1600 Amphitheatre Parkway Mountain View, CA 94043, USA. Zur Nutzung der Funktionen von Google Maps ist es notwendig, Ihre IP Adresse zu speichern. Diese Informationen werden in der Regel an einen Server von Google in den USA \u00fcbertragen und dort gespeichert. Der Anbieter dieser Seite hat keinen Einfluss auf diese Daten\u00fcbertragung.<\/span><\/h4>\n<h4 style=\"text-align: center;\"><span style=\"color: #808080;\">Mehr Informationen zum Umgang mit Nutzerdaten finden Sie in der Datenschutzerkl\u00e4rung von Google: <a style=\"color: #808080;\" href=\"https:\/\/www.google.de\/intl\/de\/policies\/privacy\/\">https:\/\/www.google.de\/intl\/de\/policies\/privacy\/<\/a><\/span><\/h4>\n<h4><span class=\"\" style=\"display:block;clear:both;height: 0px;padding-top: 20px;border-top-width:0px;border-bottom-width:0px;\"><\/span><\/h4>\n<h3 style=\"text-align: center;\"><strong><span style=\"color: #808080;\">Auskunft, L\u00f6schung, Sperrung<\/span><\/strong><\/h3>\n<h4 style=\"text-align: center;\"><span style=\"color: #808080;\">Sie haben jederzeit das Recht auf unentgeltliche Auskunft \u00fcber Ihre gespeicherten personenbezogenen Daten, deren Herkunft und Empf\u00e4nger und den Zweck der Datenverarbeitung sowie ein Recht auf Berichtigung, Sperrung oder L\u00f6schung dieser Daten. Hierzu sowie zu weiteren Fragen zum Thema personenbezogene Daten k\u00f6nnen Sie sich jederzeit unter der im Impressum angegebenen Adresse an uns wenden.<\/span><\/h4>\n<h4><span class=\"\" style=\"display:block;clear:both;height: 0px;padding-top: 20px;border-top-width:0px;border-bottom-width:0px;\"><\/span><\/h4>\n<h3 style=\"text-align: center;\"><strong><span style=\"color: #808080;\">Widerspruch Werbe-Mails<\/span><\/strong><\/h3>\n<h4 style=\"text-align: center;\"><span style=\"color: #808080;\">Der Nutzung von im Rahmen der Impressumspflicht ver\u00f6ffentlichten Kontaktdaten zur \u00dcbersendung von nicht ausdr\u00fccklich angeforderter Werbung und Informationsmaterialien wird hiermit widersprochen. Die Betreiber der Seiten behalten sich ausdr\u00fccklich rechtliche Schritte im Falle der unverlangten Zusendung von Werbeinformationen, etwa durch Spam-E-Mails, vor.<\/span><\/h4>\n<\/div>\n<\/div><\/div><\/div><div id=\"pgc-224-2-2\"  class=\"panel-grid-cell panel-grid-cell-empty\" ><\/div><\/div><\/div>","protected":false},"excerpt":{"rendered":"<p>Datenschutzerkl\u00e4rung von JFK-Optik Frau Jeanette Kerstan-Schulze Alter Markt 16 33428 Harsewinkel f\u00fcr den Internetauftritt www.jfk-optik.de Cookies Unsere Website nutzt Cookies. \u00dcber folgenden Button k\u00f6nnen Sie&#8230;<\/p>\n<div class=\"more-link-wrapper\"><a class=\"more-link\" href=\"https:\/\/jfk-optik.de\/?page_id=224\">Weiterlesen<span class=\"screen-reader-text\">Datenschutz<\/span><\/a><\/div>\n","protected":false},"author":2,"featured_media":0,"parent":0,"menu_order":0,"comment_status":"closed","ping_status":"closed","template":"","meta":[],"_links":{"self":[{"href":"https:\/\/jfk-optik.de\/index.php?rest_route=\/wp\/v2\/pages\/224"}],"collection":[{"href":"https:\/\/jfk-optik.de\/index.php?rest_route=\/wp\/v2\/pages"}],"about":[{"href":"https:\/\/jfk-optik.de\/index.php?rest_route=\/wp\/v2\/types\/page"}],"author":[{"embeddable":true,"href":"https:\/\/jfk-optik.de\/index.php?rest_route=\/wp\/v2\/users\/2"}],"replies":[{"embeddable":true,"href":"https:\/\/jfk-optik.de\/index.php?rest_route=%2Fwp%2Fv2%2Fcomments&post=224"}],"version-history":[{"count":28,"href":"https:\/\/jfk-optik.de\/index.php?rest_route=\/wp\/v2\/pages\/224\/revisions"}],"predecessor-version":[{"id":405,"href":"https:\/\/jfk-optik.de\/index.php?rest_route=\/wp\/v2\/pages\/224\/revisions\/405"}],"wp:attachment":[{"href":"https:\/\/jfk-optik.de\/index.php?rest_route=%2Fwp%2Fv2%2Fmedia&parent=224"}],"curies":[{"name":"wp","href":"https:\/\/api.w.org\/{rel}","templated":true}]}}